{"id":30,"date":"2020-05-28T08:09:49","date_gmt":"2020-05-28T08:09:49","guid":{"rendered":"https:\/\/efop-3-3-7.bgrg.hu\/?page_id=30"},"modified":"2022-02-16T08:49:56","modified_gmt":"2022-02-16T08:49:56","slug":"rolunk-palyazatunkrol","status":"publish","type":"page","link":"https:\/\/efop-3-3-7.bgrg.hu\/","title":{"rendered":"R\u00f3lunk &#8211; P\u00e1ly\u00e1zatunkr\u00f3l"},"content":{"rendered":"\n<p><strong>K\u00d6Z\u00d6S NYELV\u00dcNK A CSEND P\u00e1ly\u00e1zatunk<\/strong><\/p>\n\n\n\n<p><strong>EFOP-3.3.7-17-2017-00005<\/strong><\/p>\n\n\n\n<p>kedvezm\u00e9nyezett neve: <strong>Bethlen G\u00e1bor Reform\u00e1tus Gimn\u00e1zium<\/strong><\/p>\n\n\n\n<p>t\u00e1mogat\u00e1s \u00f6sszege: <strong>75&nbsp;000&nbsp;000 Ft<\/strong><\/p>\n\n\n\n<p>t\u00e1mogat\u00e1s m\u00e9rt\u00e9ke: <strong>100%<\/strong><\/p>\n\n\n\n<p>Projekt megval\u00f3s\u00edt\u00e1s\u00e1nak kezdete: <strong>2017.10.31<\/strong><br><\/p>\n\n\n\n<p>Projekt fizikai befejez\u00e9s\u00e9nek hat\u00e1rideje: <strong>2021.07.31.<\/strong><\/p>\n\n\n\n<p><strong>El\u00e9rhet\u0151s\u00e9geink<\/strong><\/p>\n\n\n\n<p><strong><em>Bethlen G\u00e1bor Reform\u00e1tus Gimn\u00e1zium \u00e9s Szathm\u00e1ry Koll\u00e9gium<\/em><\/strong><\/p>\n\n\n\n<p><strong>C\u00edm:<\/strong> 6800 H\u00f3dmez\u0151v\u00e1s\u00e1rhely, Sz\u0151nyi utca 2.<br><strong>Tel:<\/strong> 62\/ 241-703 &#8211; Fax: 62\/ 244-337 &#8211; E-mail: <a href=\"mailto:bgrg@bgrg.hu\">bgrg@bgrg.hu<\/a><br><strong>Alap\u00edt\u00e1s \u00e9ve:<\/strong> 1723<br><strong>OM:<\/strong> 029736<\/p>\n","protected":false},"excerpt":{"rendered":"<p>K\u00d6Z\u00d6S NYELV\u00dcNK A CSEND P\u00e1ly\u00e1zatunk EFOP-3.3.7-17-2017-00005 kedvezm\u00e9nyezett neve: Bethlen G\u00e1bor Reform\u00e1tus Gimn\u00e1zium t\u00e1mogat\u00e1s \u00f6sszege: 75&nbsp;000&nbsp;000 Ft t\u00e1mogat\u00e1s m\u00e9rt\u00e9ke: 100% Projekt megval\u00f3s\u00edt\u00e1s\u00e1nak kezdete: 2017.10.31 Projekt fizikai befejez\u00e9s\u00e9nek hat\u00e1rideje: 2021.07.31. El\u00e9rhet\u0151s\u00e9geink Bethlen G\u00e1bor Reform\u00e1tus Gimn\u00e1zium \u00e9s Szathm\u00e1ry Koll\u00e9gium C\u00edm: 6800 H\u00f3dmez\u0151v\u00e1s\u00e1rhely, Sz\u0151nyi utca 2.Tel: 62\/ 241-703 &#8211; Fax: 62\/ 244-337 &#8211; E-mail: bgrg@bgrg.huAlap\u00edt\u00e1s \u00e9ve: 1723OM: 029736<\/p>\n","protected":false},"author":1,"featured_media":0,"parent":0,"menu_order":0,"comment_status":"closed","ping_status":"closed","template":"","meta":{"footnotes":""},"class_list":["post-30","page","type-page","status-publish","hentry"],"_links":{"self":[{"href":"https:\/\/efop-3-3-7.bgrg.hu\/index.php?rest_route=\/wp\/v2\/pages\/30","targetHints":{"allow":["GET"]}}],"collection":[{"href":"https:\/\/efop-3-3-7.bgrg.hu\/index.php?rest_route=\/wp\/v2\/pages"}],"about":[{"href":"https:\/\/efop-3-3-7.bgrg.hu\/index.php?rest_route=\/wp\/v2\/types\/page"}],"author":[{"embeddable":true,"href":"https:\/\/efop-3-3-7.bgrg.hu\/index.php?rest_route=\/wp\/v2\/users\/1"}],"replies":[{"embeddable":true,"href":"https:\/\/efop-3-3-7.bgrg.hu\/index.php?rest_route=%2Fwp%2Fv2%2Fcomments&post=30"}],"version-history":[{"count":3,"href":"https:\/\/efop-3-3-7.bgrg.hu\/index.php?rest_route=\/wp\/v2\/pages\/30\/revisions"}],"predecessor-version":[{"id":38,"href":"https:\/\/efop-3-3-7.bgrg.hu\/index.php?rest_route=\/wp\/v2\/pages\/30\/revisions\/38"}],"wp:attachment":[{"href":"https:\/\/efop-3-3-7.bgrg.hu\/index.php?rest_route=%2Fwp%2Fv2%2Fmedia&parent=30"}],"curies":[{"name":"wp","href":"https:\/\/api.w.org\/{rel}","templated":true}]}}